{"id":17,"date":"2025-10-04T10:51:39","date_gmt":"2025-10-04T10:51:39","guid":{"rendered":"https:\/\/inkedbycher.nl\/?page_id=17"},"modified":"2025-10-05T22:15:48","modified_gmt":"2025-10-05T22:15:48","slug":"behandelingen","status":"publish","type":"page","link":"https:\/\/inkedbycher.nl\/?page_id=17","title":{"rendered":"Behandelingen"},"content":{"rendered":"\n<p>Jij bent een prachtig canvas en wij zorgen dat je innerlijke schoonheid naar buiten komt. We zullen altijd de juiste behandeling met je bespreken en samen met je vaststellen, maar mocht je in de tussentijd willen kijken wat er allemaal mogelijk is kijk dan gerust hieronder eens rond.&nbsp;<\/p>\n\n\n\n<p>Voor een compleet overzicht van onze behandelingen en de prijzen hiervan verwijzen we je naar onze\u00a0<a href=\"#sz-booking-toggle\">boekingsite<\/a>.<\/p>\n\n\n\n<details class=\"wp-block-details\"><summary><img loading=\"lazy\" decoding=\"async\" width=\"150\" height=\"111\" class=\"wp-image-54 is-layout-flow wp-block-details-is-layout-flow\" style=\"width: 150px;\" src=\"https:\/\/inkedbycher.nl\/wp-content\/uploads\/2025\/10\/ca46dba3f52335be97b0d06e9adf7f63.jpg\" alt=\"\" srcset=\"https:\/\/inkedbycher.nl\/wp-content\/uploads\/2025\/10\/ca46dba3f52335be97b0d06e9adf7f63.jpg 1024w, https:\/\/inkedbycher.nl\/wp-content\/uploads\/2025\/10\/ca46dba3f52335be97b0d06e9adf7f63-300x221.jpg 300w, https:\/\/inkedbycher.nl\/wp-content\/uploads\/2025\/10\/ca46dba3f52335be97b0d06e9adf7f63-768x567.jpg 768w, https:\/\/inkedbycher.nl\/wp-content\/uploads\/2025\/10\/ca46dba3f52335be97b0d06e9adf7f63-1x1.jpg 1w\" sizes=\"auto, (max-width: 150px) 100vw, 150px\" \/>Fineline Tattoo<\/summary>\n<p>Voor Fineline tattoo kan je hier in de salon terecht, ook voor gewone tattoos kun je terecht. Nadat je enkele voorbeelden hebt gestuurd maak ik een geheel eigen ontwerp voor je zodat je altijd een unieke tattoo krijgt.<\/p>\n<\/details>\n\n\n\n<details class=\"wp-block-details\"><summary><img loading=\"lazy\" decoding=\"async\" width=\"150\" height=\"150\" class=\"wp-image-53 is-layout-flow wp-block-details-is-layout-flow\" style=\"width: 150px;\" src=\"https:\/\/inkedbycher.nl\/wp-content\/uploads\/2025\/10\/c57c2630a27558cbfedd76515a0e86b5.jpg\" alt=\"\" srcset=\"https:\/\/inkedbycher.nl\/wp-content\/uploads\/2025\/10\/c57c2630a27558cbfedd76515a0e86b5.jpg 300w, https:\/\/inkedbycher.nl\/wp-content\/uploads\/2025\/10\/c57c2630a27558cbfedd76515a0e86b5-150x150.jpg 150w, https:\/\/inkedbycher.nl\/wp-content\/uploads\/2025\/10\/c57c2630a27558cbfedd76515a0e86b5-1x1.jpg 1w\" sizes=\"auto, (max-width: 150px) 100vw, 150px\" \/>Permanente make-up<\/summary>\n<p>Het tatoe\u00ebren van wenkbrauwen en lippen is een tijd echt not-done geweest, maar dit is nu weer helemaal terug. Waar (semi)permanente wenkbrauwen een wat meer gezien beeld zijn, zijn lippen nog een beetje eng voor de meesten, maar het is zeker de moeite waard .<\/p>\n\n\n\n<h3 class=\"wp-block-heading\" id=\"h.mrt6nki2tdb3_l\">Powder Brow\u2019s<\/h3>\n\n\n\n<p>Bij Powder brows worden de wenkbrauwen volledig ingeschaduwd. Maar de naam zegt het al; \u2018powder\u2019. Met deze techniek van permanente make-up wordt op een heel subtiele wijze pigment aangebracht waardoor het lijkt alsof je je wenkbrauwen met wenkbrauwpoeder hebt ingekleurd. Alleen is het resultaat semi permanent. Dat houdt in dat je na ongeveer 2 jaar je wenkbrauwen een opfrisbehandeling moet geven om langer te genieten van de perfecte wenkbrauwen.<\/p>\n\n\n\n<p>Gemiddeld duurt de PMU behandeling bij Powder brows &amp; Microblading 1,5 tot 2 uur. Tijdens de intake wil ik graag weten wat je wensen en verwachtingen zijn. In eerste instantie zal ik de wenkbrauwen voorteken aan de vorm van je gezicht en uiteraard je wensen. Als we samen de juiste vorm hebben gecre\u00eberd breng ik een aantal pigmenten aan op het voorhoofd om te bepalen welke kleur bij jou past. Hierna starten we met de behandeling.<\/p>\n\n\n\n<h3 class=\"wp-block-heading\" id=\"h.t8btyju0eugi_l\">Microblading<\/h3>\n\n\n\n<p>Microblading is een techniek op het gebied van semi-permanente make-up. Bij deze technieken tekenen we elk haartje individueel met een microblading-blade en kiezen de juiste kleur pigment passend bij jouw eigen wenkbrauwhaartjes, wordt er rekening gehouden met de vorm van het gezicht en wordt de natuurlijke haargroei gevolgd. Hierdoor wordt een mooi en natuurlijk resultaat verkregen<\/p>\n\n\n\n<h3 class=\"wp-block-heading\" id=\"h.c5n35u3jbf71_l\">Pmu Lippen<\/h3>\n\n\n\n<p>Permanente make-up voor de lippen kan asymmetrische lippen opties symmetrisch maken, kan smalle lippen voller doen ogen en kan vale lippen meer kleur geven. De pigmenten voor de lippen zijn heel divers van echte fellere lipstickkleuren tot zeer natuurlijke kleuren, waarbij het anderen niet opvalt dat je permanente make-up hebt om de vorm of kleur van je lippen te corrigeren. Wanneer de huid om de lippen meer rimpels krijgt, blijft lippenstift steeds lastiger op de goede plek. Hier biedt permanente make-up voor de lippen een hele mooie uitkomst.<\/p>\n\n\n\n<p>De bovenlip is meestal dunner dan de onderlip. Met permanente make-up kun je dit in evenwicht brengen. Ook is permanente make-up een hele mooie aanvulling op een opvulling van de lippen met een filler. Voor mensen met schisis is permanente make-up voor de lippen een mooie aanvulling op een schisisoperatie.<\/p>\n\n\n\n<p>U kunt kiezen voor een liplijn, een lipshadow en full-lips.<\/p>\n\n\n\n<ul class=\"wp-block-list\">\n<li>De liplijn is een lijntje op de rand van de lippen.<\/li>\n\n\n\n<li>Een lipshadow is een lijntje op de rand van de lippen dat uitgeschaduwd wordt naar het midden. Deze techniek is vooral geschikt om de vorm van de lippen te verfraaien. Het geeft tevens een soort Ombr\u00e9 effect, van een tint naar de natuurlijke lipkleur. Zie als voorbeeld de foto\u2019s hieronder.<\/li>\n\n\n\n<li>Full-lips is het volledig inkleuren van de lippen. Deze techniek is vooral geschikt voor mensen die zowel de vorm als de gehele kleur van de lippen willen verfraaien.<\/li>\n<\/ul>\n\n\n\n<p>Pigmenteren van de lippen vindt in twee behandelingen plaats. U heeft binnen de behandelprijs recht op twee behandelingen. Het voordeel van permanente make-up ten opzichte van fillers, is dat de lippen voller ogen, zonder dat ze er opgevuld uitzien. Het geeft een natuurlijker resultaat dan fillers.<\/p>\n\n\n\n<p><em>Als u voor lips behandeling gaat, dan adviseren wij L-lysine met vit.C of vergelijkbare medicatie een week (dagelijks) voor de behandeling in te nemen om koortslip te voorkomen. Heeft u last van droge lippen? Dan kunt u een peeling schrub 3 dagen voor de behandeling zelf thuis doen en vaseline smeren.<\/em><\/p>\n\n\n\n<h3 class=\"wp-block-heading\" id=\"h.9m9vnh4niejc_l\">Pmu eyeliners<\/h3>\n\n\n\n<p>Met permanente make-up kun je ook een permanente eyeliner laten zetten. Dit kan met een zwart pigment, maar je kunt ook kiezen voor een zwarte eyeliner die overvloeit in een andere kleur . Het is heel mooi om de kleur van je iris terug te laten komen in de eyeliner, of juist voor een contrasterende kleur te kiezen, zodat je oogkleur nog mooier uitkomt. Voor het natuurlijkste resultaat kies je voor een Infralash. Dit is een lijntje tussen de wimperhaartjes, waardoor je een sprekendere oogopslag krijgt, zonder dat de eyeliner duidelijk zichtbaar is. Je kunt kiezen voor een dunne of brede eyeliner. Daarnaast kun je kiezen voor een zachte of een strakke eyeliner. Vooraf bespreken we je wensen in een adviesgesprek.<\/p>\n\n\n\n<ul class=\"wp-block-list\">\n<li>Infralash eyeliner: dit is een lijntje tussen de wimperhaartjes, die heel subtiel is en zorgt voor een heel natuurlijke en sprekende oogopslag. De infralash vult de mascara op.<\/li>\n\n\n\n<li>Infrashadow eyeliner: dit is een dikkere eyeliner die zacht uitloopt<\/li>\n\n\n\n<li>Grafic eyeliner: dit is een strakke brede eyeliner<\/li>\n\n\n\n<li>Bambi-eyeliner: dit is een eyeliner die uit meerdere kleuren bestaat. Bijvoorbeeld een zwarte Infralash met een oceaanblauwe zachte eyeliner.<\/li>\n<\/ul>\n\n\n\n<h3 class=\"wp-block-heading\" id=\"h.9cwd9wxo9230_l\">Voor- en nazorg van de behandelingen<\/h3>\n\n\n\n<p><small><strong>Voor de behandeling<\/strong><\/small><\/p>\n\n\n\n<p>Voor het ondergaan van een permanente make-up behandeling, dient u rekening te houden met een aantal zaken:<\/p>\n\n\n\n<ul class=\"wp-block-list\">\n<li>De avond voor de afspraak mag u geen alcohol of aspirine gebruiken omdat dit het bloed verdunt.<\/li>\n\n\n\n<li>Bij het gebruik van bloedverdunners, indien mogelijk een paar dagen voorafgaande aan de behandeling ermee te stoppen.<\/li>\n\n\n\n<li>Indien u graag verdoving wenst tijdens het zetten van de permanente make-up kunt u uw huisarts vragen een recept emla zalf of lidocaine voor te schrijven. Als u dit een half uur voor aanvang aanbrengt is de huid al voorverdoofd. Neemt u de cr\u00e8me ook mee, dan kunnen wij tijdens de behandeling bijverdoven.<\/li>\n\n\n\n<li>Indien u op het formulier bij een contra-indicatie&nbsp;<em>\u201cja\u201d<\/em>&nbsp;heeft ingevuld gaan wij niet over tot behandelen, tenzij u een schriftelijk schrijven van de behandelende arts heeft.<\/li>\n\n\n\n<li>Alvorens uw specialiste met de behandeling begint van de wenkbrauwen of lippen zal zij deze eerst voortekenen.<\/li>\n\n\n\n<li>De gepigmenteerde huid zal na de behandeling aanmerkelijk intensiever van kleur zijn dan na een aantal weken.<\/li>\n\n\n\n<li>Daarna gelden update-prijzen voor het bijwerken van de permanente make-up. Deze prijzen vindt u hier.<\/li>\n\n\n\n<li>Het is niet aan te raden intensief te sporten de dag van de behandeling.<\/li>\n\n\n\n<li>Volgens de hygi\u00ebnerichtlijnen voor cosmetisch tatoe\u00ebren (GGD) moeten wij u erop wijzen dat alle consequenties voortvloeiende uit de behandeling voor eigen risico zijn.<\/li>\n<\/ul>\n\n\n\n<p><small><strong>Nazorg gedurende 7 dagen<\/strong><\/small><\/p>\n\n\n\n<p>Ook na het ondergaan van de permanente make-up behandeling is het belangrijk te letten op een aantal zaken:<\/p>\n\n\n\n<ul class=\"wp-block-list\">\n<li>Vermijdt overmatig U.V. licht (dus ook zonnebank). Dit kan het pigment in de huid verminderen.<\/li>\n\n\n\n<li>V\u00f3\u00f3r het douchen vaseline aanbrengen op het getatoe\u00eberde gebied om deze vochtvrij te houden.<\/li>\n\n\n\n<li>Indien nodig mag u calendulanzalf aanbrengen.<\/li>\n\n\n\n<li>Bij voorkeur zo natuurlijk mogelijk laten genezen.<\/li>\n\n\n\n<li>Vermijd contact met water. U kunt dus ook geen gebruik maken van het zwembad.<\/li>\n\n\n\n<li>U kunt geen gebruik maken van de sauna.<\/li>\n\n\n\n<li>Geen gebruik van make-up op het getatoe\u00eberde gebied.<\/li>\n\n\n\n<li>Maak geen gebruik van reinigingsmiddelen t.p.v. het getatoe\u00eberde gebied.<\/li>\n\n\n\n<li>4 uur na de behandeling geen alcohol nuttigen.<\/li>\n\n\n\n<li>Geen korstjes afkrabben.<\/li>\n\n\n\n<li>In geval van de eyeliner mogen de contactlenzen na 24:00 uur terug geplaatst worden.<\/li>\n\n\n\n<li>In geval van lipliner of full lips geen gebruik maken van whitening tandpasta.<\/li>\n\n\n\n<li>Geen pittig eten nuttigen.<\/li>\n\n\n\n<li>Voor het tanden poetsen vaseline aanbrengen.<\/li>\n\n\n\n<li>Drink met een rietje.<\/li>\n\n\n\n<li>Let op met het gebruik van haarlak.<\/li>\n\n\n\n<li>Maak, ook na volledige genezing, altijd gebruik van een sunblock (factor 30 of hoger) tijdens het zonnen (ook zonnebank) t.p.v. de wenkbrauwen of de lippen om de kleur langer te behouden. Zonlicht onttrekt pigment aan de huid.<\/li>\n<\/ul>\n\n\n\n<p>Na minimaal 8 weken mag u terug komen voor de nabehandeling. Eerst moet er een volledig herstel van de huid zijn. Eerder kunnen wij de nabehandeling niet uitvoeren. Mocht de huid ondanks alle voorzorgsmaatregelen toch gaan ontsteken neem dan contact met ons op zodat we u kunnen informeren wat verder te doen.<\/p>\n<\/details>\n\n\n\n<details class=\"wp-block-details\"><summary><img loading=\"lazy\" decoding=\"async\" width=\"150\" height=\"150\" class=\"wp-image-51 is-layout-flow wp-block-details-is-layout-flow\" style=\"width: 150px;\" src=\"https:\/\/inkedbycher.nl\/wp-content\/uploads\/2025\/10\/01c47faa0471a744706795467c7fbda1.jpg\" alt=\"\" srcset=\"https:\/\/inkedbycher.nl\/wp-content\/uploads\/2025\/10\/01c47faa0471a744706795467c7fbda1.jpg 300w, https:\/\/inkedbycher.nl\/wp-content\/uploads\/2025\/10\/01c47faa0471a744706795467c7fbda1-150x150.jpg 150w, https:\/\/inkedbycher.nl\/wp-content\/uploads\/2025\/10\/01c47faa0471a744706795467c7fbda1-1x1.jpg 1w\" sizes=\"auto, (max-width: 150px) 100vw, 150px\" \/>Schoonheidsbehandelingen<\/summary>\n<h3 class=\"wp-block-heading\">Lvl Wimperlifting<\/h3>\n\n\n\n<p>De Lash Volume Lifting is een wimperbehandeling die de natuurlijke wimpers lift. De wimpers worden meer gelift dan met de reguliere wimperpermanent behandeling, waar rollers of tangen worden gebruikt. Een behandeling duur ongeveer 1,5 uur.<\/p>\n\n\n\n<h3 class=\"wp-block-heading\" id=\"h.ka695luukri1_l\">Brow\u2019s waxing &amp; shaping<\/h3>\n\n\n\n<p>Voor mooie strakke wenkbrauwen bent u bij ons aan het juiste adres of juist voor natuurlijke wenkbrauwen . De wenkbrauwen blijven tot wel 4 weken mooi zitten. Als u de henna te heftig vind kunnen we uw wenkbrauwen ook altijd verven met de gewone wenkbrauwen verf .<br>Een behandeling duurt ongeveer 30 minuten.<\/p>\n\n\n\n<h3 class=\"wp-block-heading\" id=\"h.y7y6udr7phlr_l\">Glance Henna<\/h3>\n\n\n\n<p>GLANCE is afkomstig uit Brazili\u00eb waar de lijn met henna producten tot 1 van de populairste salonbehandelingen hoort en wij in de salon al bijna 3 jaar mee werken&nbsp; In Brazili\u00eb gebruikt men nauwelijks gewone verf en bijna altijd henna voor het kleuren van wenkbrauwen. GLANCE wenkbrauw henna is een prachtige salonbehandeling met mooie en langdurige resultaten. De tint houdt \u2013 afhankelijk van het huidtype en de aftercare- tot 1 , 1,5 week op de huid en tot ca 6 weken op de haartjes. Een behandeling duurt ongeveer 30 minuten per persoon. Tevens te boeken als duo behandeling met je brow-maatje! Voor als je nog geen Pmu wenkbrauwen wilt , is&nbsp; Henna brows de ideale oplossing!Henna Brow\u2019s vormt de ideale behandeling voor prachtig volle wenkbrauwen.<\/p>\n<\/details>\n","protected":false},"excerpt":{"rendered":"<p>Jij bent een prachtig canvas en wij zorgen dat je innerlijke schoonheid naar buiten komt. We zullen altijd de juiste behandeling met je bespreken en samen met je vaststellen, maar mocht je in de tussentijd willen kijken wat er allemaal mogelijk is kijk dan gerust hieronder eens rond.&nbsp; Voor een compleet overzicht van onze behandelingen en de prijzen hiervan verwijzen we je naar onze\u00a0boekingsite.<\/p>\n","protected":false},"author":1,"featured_media":0,"parent":0,"menu_order":0,"comment_status":"closed","ping_status":"closed","template":"","meta":{"ngg_post_thumbnail":0,"footnotes":""},"class_list":["post-17","page","type-page","status-publish","hentry"],"_links":{"self":[{"href":"https:\/\/inkedbycher.nl\/index.php?rest_route=\/wp\/v2\/pages\/17","targetHints":{"allow":["GET"]}}],"collection":[{"href":"https:\/\/inkedbycher.nl\/index.php?rest_route=\/wp\/v2\/pages"}],"about":[{"href":"https:\/\/inkedbycher.nl\/index.php?rest_route=\/wp\/v2\/types\/page"}],"author":[{"embeddable":true,"href":"https:\/\/inkedbycher.nl\/index.php?rest_route=\/wp\/v2\/users\/1"}],"replies":[{"embeddable":true,"href":"https:\/\/inkedbycher.nl\/index.php?rest_route=%2Fwp%2Fv2%2Fcomments&post=17"}],"version-history":[{"count":5,"href":"https:\/\/inkedbycher.nl\/index.php?rest_route=\/wp\/v2\/pages\/17\/revisions"}],"predecessor-version":[{"id":216,"href":"https:\/\/inkedbycher.nl\/index.php?rest_route=\/wp\/v2\/pages\/17\/revisions\/216"}],"wp:attachment":[{"href":"https:\/\/inkedbycher.nl\/index.php?rest_route=%2Fwp%2Fv2%2Fmedia&parent=17"}],"curies":[{"name":"wp","href":"https:\/\/api.w.org\/{rel}","templated":true}]}}